{"id":636,"date":"2023-05-23T15:20:08","date_gmt":"2023-05-23T10:20:08","guid":{"rendered":"https:\/\/yumboschocolate.com\/web\/?post_type=product&#038;p=636"},"modified":"2023-06-02T20:02:11","modified_gmt":"2023-06-02T15:02:11","slug":"60-chocolate-puro","status":"publish","type":"product","link":"https:\/\/yumboschocolate.com\/web\/?product=60-chocolate-puro","title":{"rendered":"60% Chocolate Puro"},"content":{"rendered":"<p>YUMBOS, Chocolate Artesanal<\/p>\n<p>Mindo, Ecuador<\/p>\n<p>Barra de 60g, de origen Napo, Amazonia; lavoracion \u00bbTREE TO BAR\u00bb.<\/p>\n<p>GANADOR DEL PREMIO ORO DE \u00bbEcuador Chocolate Awards\u00bb<\/p>\n<p>60% Chocolate Puro<\/p>\n","protected":false},"excerpt":{"rendered":"<p>Producto natural elaborado seg\u00fan t\u00e9cnicas hist\u00f3ricas.<\/p>\n","protected":false},"featured_media":704,"comment_status":"closed","ping_status":"closed","template":"","meta":{"jetpack_post_was_ever_published":false,"jetpack_publicize_message":"","jetpack_is_tweetstorm":false,"jetpack_publicize_feature_enabled":true,"jetpack_social_post_already_shared":true,"jetpack_social_options":{"image_generator_settings":{"template":"highway","enabled":false}}},"product_cat":[40],"product_tag":[],"jetpack_publicize_connections":[],"jetpack_sharing_enabled":true,"_links":{"self":[{"href":"https:\/\/yumboschocolate.com\/web\/index.php?rest_route=\/wp\/v2\/product\/636"}],"collection":[{"href":"https:\/\/yumboschocolate.com\/web\/index.php?rest_route=\/wp\/v2\/product"}],"about":[{"href":"https:\/\/yumboschocolate.com\/web\/index.php?rest_route=\/wp\/v2\/types\/product"}],"replies":[{"embeddable":true,"href":"https:\/\/yumboschocolate.com\/web\/index.php?rest_route=%2Fwp%2Fv2%2Fcomments&post=636"}],"wp:featuredmedia":[{"embeddable":true,"href":"https:\/\/yumboschocolate.com\/web\/index.php?rest_route=\/wp\/v2\/media\/704"}],"wp:attachment":[{"href":"https:\/\/yumboschocolate.com\/web\/index.php?rest_route=%2Fwp%2Fv2%2Fmedia&parent=636"}],"wp:term":[{"taxonomy":"product_cat","embeddable":true,"href":"https:\/\/yumboschocolate.com\/web\/index.php?rest_route=%2Fwp%2Fv2%2Fproduct_cat&post=636"},{"taxonomy":"product_tag","embeddable":true,"href":"https:\/\/yumboschocolate.com\/web\/index.php?rest_route=%2Fwp%2Fv2%2Fproduct_tag&post=636"}],"curies":[{"name":"wp","href":"https:\/\/api.w.org\/{rel}","templated":true}]}}