{"id":645,"date":"2023-05-23T15:35:53","date_gmt":"2023-05-23T10:35:53","guid":{"rendered":"https:\/\/yumboschocolate.com\/web\/?post_type=product&#038;p=645"},"modified":"2023-06-02T20:00:14","modified_gmt":"2023-06-02T15:00:14","slug":"100-chocolate-puro","status":"publish","type":"product","link":"https:\/\/yumboschocolate.com\/web\/?product=100-chocolate-puro","title":{"rendered":"100% Chocolate Puro"},"content":{"rendered":"<p>YUMBOS, Chocolate Artesanal<\/p>\n<p>Mindo, Ecuador<\/p>\n<p>Barra de 60g, de origen Playa de Oro, Esmeralda; lavoracion \u00bbTREE TO BAR\u00bb.<\/p>\n<p>GANADOR DEL PREMIO ORO DE \u00bbEcuador Chocolate Awards\u00bb<\/p>\n<p>100% Chocolate Puro<\/p>\n","protected":false},"excerpt":{"rendered":"<p>Producto natural elaborado seg\u00fan t\u00e9cnicas hist\u00f3ricas.<\/p>\n","protected":false},"featured_media":701,"comment_status":"closed","ping_status":"closed","template":"","meta":{"jetpack_post_was_ever_published":false,"jetpack_publicize_message":"","jetpack_is_tweetstorm":false,"jetpack_publicize_feature_enabled":true,"jetpack_social_post_already_shared":true,"jetpack_social_options":{"image_generator_settings":{"template":"highway","enabled":false}}},"product_cat":[40],"product_tag":[],"jetpack_publicize_connections":[],"jetpack_sharing_enabled":true,"_links":{"self":[{"href":"https:\/\/yumboschocolate.com\/web\/index.php?rest_route=\/wp\/v2\/product\/645"}],"collection":[{"href":"https:\/\/yumboschocolate.com\/web\/index.php?rest_route=\/wp\/v2\/product"}],"about":[{"href":"https:\/\/yumboschocolate.com\/web\/index.php?rest_route=\/wp\/v2\/types\/product"}],"replies":[{"embeddable":true,"href":"https:\/\/yumboschocolate.com\/web\/index.php?rest_route=%2Fwp%2Fv2%2Fcomments&post=645"}],"wp:featuredmedia":[{"embeddable":true,"href":"https:\/\/yumboschocolate.com\/web\/index.php?rest_route=\/wp\/v2\/media\/701"}],"wp:attachment":[{"href":"https:\/\/yumboschocolate.com\/web\/index.php?rest_route=%2Fwp%2Fv2%2Fmedia&parent=645"}],"wp:term":[{"taxonomy":"product_cat","embeddable":true,"href":"https:\/\/yumboschocolate.com\/web\/index.php?rest_route=%2Fwp%2Fv2%2Fproduct_cat&post=645"},{"taxonomy":"product_tag","embeddable":true,"href":"https:\/\/yumboschocolate.com\/web\/index.php?rest_route=%2Fwp%2Fv2%2Fproduct_tag&post=645"}],"curies":[{"name":"wp","href":"https:\/\/api.w.org\/{rel}","templated":true}]}}