{"id":724,"date":"2023-06-01T17:06:35","date_gmt":"2023-06-01T12:06:35","guid":{"rendered":"https:\/\/yumboschocolate.com\/web\/?post_type=product&#038;p=724"},"modified":"2023-06-01T17:07:49","modified_gmt":"2023-06-01T12:07:49","slug":"724","status":"publish","type":"product","link":"https:\/\/yumboschocolate.com\/web\/?product=724","title":{"rendered":"T\u00e9 de Cacao"},"content":{"rendered":"<p>Yumbos &#8211; Chocolate Artesanal<\/p>\n<p>Mindo, Ecuador<\/p>\n<p>T\u00e9 de Cacao<\/p>\n<p>El T\u00e9 de cacao de la marca Yumbos es un producto \u00fanico y delicioso que no puedes dejar de probar. Este t\u00e9 est\u00e1 hecho con los m\u00e1s finos granos de cacao, cuidadosamente seleccionados y preparados para brindarte un sabor excepcional. Adem\u00e1s, el cacao ofrece m\u00faltiples beneficios para la salud, como antioxidantes y nutrientes esenciales. El T\u00e9 de cacao Yumbos es una opci\u00f3n saludable y deliciosa para acompa\u00f1ar tus momentos de relax o para compartir con tus amigos y familiares. \u00a1No esperes m\u00e1s para disfrutar de esta maravillosa bebida!<\/p>\n","protected":false},"excerpt":{"rendered":"<p>Yumbos &#8211; Chocolate Artesanal Mindo, Ecuador T\u00e9 de Cacao El T\u00e9 de cacao de la marca Yumbos es un producto \u00fanico y delicioso que no puedes<span class=\"excerpt-hellip\"> [\u2026]<\/span><\/p>\n","protected":false},"featured_media":706,"comment_status":"closed","ping_status":"closed","template":"","meta":{"jetpack_post_was_ever_published":false,"jetpack_publicize_message":"","jetpack_is_tweetstorm":false,"jetpack_publicize_feature_enabled":true,"jetpack_social_post_already_shared":true,"jetpack_social_options":{"image_generator_settings":{"template":"highway","enabled":false}}},"product_cat":[42],"product_tag":[],"jetpack_publicize_connections":[],"jetpack_sharing_enabled":true,"_links":{"self":[{"href":"https:\/\/yumboschocolate.com\/web\/index.php?rest_route=\/wp\/v2\/product\/724"}],"collection":[{"href":"https:\/\/yumboschocolate.com\/web\/index.php?rest_route=\/wp\/v2\/product"}],"about":[{"href":"https:\/\/yumboschocolate.com\/web\/index.php?rest_route=\/wp\/v2\/types\/product"}],"replies":[{"embeddable":true,"href":"https:\/\/yumboschocolate.com\/web\/index.php?rest_route=%2Fwp%2Fv2%2Fcomments&post=724"}],"wp:featuredmedia":[{"embeddable":true,"href":"https:\/\/yumboschocolate.com\/web\/index.php?rest_route=\/wp\/v2\/media\/706"}],"wp:attachment":[{"href":"https:\/\/yumboschocolate.com\/web\/index.php?rest_route=%2Fwp%2Fv2%2Fmedia&parent=724"}],"wp:term":[{"taxonomy":"product_cat","embeddable":true,"href":"https:\/\/yumboschocolate.com\/web\/index.php?rest_route=%2Fwp%2Fv2%2Fproduct_cat&post=724"},{"taxonomy":"product_tag","embeddable":true,"href":"https:\/\/yumboschocolate.com\/web\/index.php?rest_route=%2Fwp%2Fv2%2Fproduct_tag&post=724"}],"curies":[{"name":"wp","href":"https:\/\/api.w.org\/{rel}","templated":true}]}}