{"id":725,"date":"2023-06-01T17:09:50","date_gmt":"2023-06-01T12:09:50","guid":{"rendered":"https:\/\/yumboschocolate.com\/web\/?post_type=product&#038;p=725"},"modified":"2023-06-01T17:09:50","modified_gmt":"2023-06-01T12:09:50","slug":"polvo-de-cacao-100-puro","status":"publish","type":"product","link":"https:\/\/yumboschocolate.com\/web\/?product=polvo-de-cacao-100-puro","title":{"rendered":"Polvo de Cacao 100% Puro"},"content":{"rendered":"<p>Yumbos &#8211; Chocolate Artesanal<\/p>\n<p>Mindo, Ecuador<\/p>\n<p>Polvo de Cacao 100% Puro<\/p>\n<div class=\"flex sm:flex-row flex-col h-screen\" data-v-16da252f=\"\">\n<div class=\"w-full sm:w-full lg:mx-auto lg:w-2\/4 pl-3 sm:mb-32 mb-40\" data-v-16da252f=\"\">\n<div class=\"chat chat-start\" data-v-16da252f=\"\">\n<div class=\"chat-bubble\" data-v-16da252f=\"\">\n<div class=\"!prose-invert prose\" data-v-16da252f=\"\">\n<p>La Polvo de Cacao Yumbos es una deliciosa opci\u00f3n para todos aquellos amantes del chocolate. Con un suave sabor y aroma a cacao puro, es perfecta para utilizar en recetas como bizcochos, galletas, batidos y mucho m\u00e1s. Adem\u00e1s, cuenta con propiedades antioxidantes y nutritivas que la convierten en un ingrediente ideal para una alimentaci\u00f3n saludable. Disfruta del aut\u00e9ntico sabor del cacao con la Polvo de Cacao Yumbos.<\/p>\n<\/div>\n<div data-v-16da252f=\"\">\n<div class=\"tooltip tooltip-bottom float-right\" data-v-16da252f=\"\" data-tip=\"Copia risposta\"><\/div>\n<\/div>\n<\/div>\n<\/div>\n<\/div>\n<div id=\"right-sidebar\" class=\"sm:w-1\/4 mb-30 w-full h-full\" data-v-16da252f=\"\">\n<div data-v-16da252f=\"\">\n<div class=\"h-[610px] w-full\" data-v-16da252f=\"\"><\/div>\n<\/div>\n<\/div>\n<\/div>\n<div class=\"fixed bottom-0 w-full\" data-v-16da252f=\"\"><\/div>\n","protected":false},"excerpt":{"rendered":"<p>Yumbos &#8211; Chocolate Artesanal Mindo, Ecuador Polvo de Cacao 100% Puro La Polvo de Cacao Yumbos es una deliciosa opci\u00f3n para todos aquellos amantes del chocolate.<span class=\"excerpt-hellip\"> [\u2026]<\/span><\/p>\n","protected":false},"featured_media":707,"comment_status":"closed","ping_status":"closed","template":"","meta":{"jetpack_post_was_ever_published":false,"jetpack_publicize_message":"","jetpack_is_tweetstorm":false,"jetpack_publicize_feature_enabled":true,"jetpack_social_post_already_shared":true,"jetpack_social_options":{"image_generator_settings":{"template":"highway","enabled":false}}},"product_cat":[42],"product_tag":[],"jetpack_publicize_connections":[],"jetpack_sharing_enabled":true,"_links":{"self":[{"href":"https:\/\/yumboschocolate.com\/web\/index.php?rest_route=\/wp\/v2\/product\/725"}],"collection":[{"href":"https:\/\/yumboschocolate.com\/web\/index.php?rest_route=\/wp\/v2\/product"}],"about":[{"href":"https:\/\/yumboschocolate.com\/web\/index.php?rest_route=\/wp\/v2\/types\/product"}],"replies":[{"embeddable":true,"href":"https:\/\/yumboschocolate.com\/web\/index.php?rest_route=%2Fwp%2Fv2%2Fcomments&post=725"}],"wp:featuredmedia":[{"embeddable":true,"href":"https:\/\/yumboschocolate.com\/web\/index.php?rest_route=\/wp\/v2\/media\/707"}],"wp:attachment":[{"href":"https:\/\/yumboschocolate.com\/web\/index.php?rest_route=%2Fwp%2Fv2%2Fmedia&parent=725"}],"wp:term":[{"taxonomy":"product_cat","embeddable":true,"href":"https:\/\/yumboschocolate.com\/web\/index.php?rest_route=%2Fwp%2Fv2%2Fproduct_cat&post=725"},{"taxonomy":"product_tag","embeddable":true,"href":"https:\/\/yumboschocolate.com\/web\/index.php?rest_route=%2Fwp%2Fv2%2Fproduct_tag&post=725"}],"curies":[{"name":"wp","href":"https:\/\/api.w.org\/{rel}","templated":true}]}}